{"id":51,"date":"2019-11-03T17:37:13","date_gmt":"2019-11-03T16:37:13","guid":{"rendered":"http:\/\/neu.steuerprofis-frankfurt.de\/templates\/wordpress\/?page_id=51"},"modified":"2025-06-17T13:02:33","modified_gmt":"2025-06-17T11:02:33","slug":"jobs-karriere","status":"publish","type":"page","link":"https:\/\/www.steuerprofis-frankfurt.de\/index.php\/jobs-karriere\/","title":{"rendered":"Jobs\/Karriere"},"content":{"rendered":"\r\n<div><main class=\"svelte-5w6hcq\">\r\n<div class=\"text-center\">\u00a0<\/div>\r\n<\/main><\/div>\r\n<div class=\"border-box w-full pt-4 pl-8 pr-8 pb-8\">\r\n<div class=\"mx-auto max-w-md sm:max-w-xl w-full md:max-w-3xl lg:max-w-4xl\">\r\n<div class=\"transition-wrapper\">\r\n<div class=\"wrapper break-words text-center svelte-1vcqro4 responsive\">\r\n<p style=\"text-align: center;\">Sie suchen einen Arbeitgeber mit modernen Workflows und einer Arbeitsatmosph\u00e4re voller Wertsch\u00e4tzung?<\/p>\r\n<p style=\"text-align: center;\">Willkommen in unserem Team!<\/p>\r\n<\/div>\r\n<\/div>\r\n<\/div>\r\n<\/div>\r\n<div class=\"h-full w-full bg-no-repeat\">\r\n<div class=\"mx-auto max-w-md sm:max-w-xl w-full md:max-w-3xl lg:max-w-5xl\">\r\n<div class=\"transition-wrapper\">\r\n<div class=\"p-0\">\r\n<div class=\"imageWrapper overflow-hidden leading-[0] rounded-none md:rounded-lg\">\r\n<div class=\"svelte-1qf620v loaded\">\r\n<div>\r\n<div>\u00a0<\/div>\r\n<picture><source srcset=\"https:\/\/perspective.imgix.net\/64df12241bf34900144f6e7a.jpg?ixlib=js-2.3.2&amp;auto=format%2Ccompress&amp;crop=faces%2Centropy&amp;dpr=1&amp;fit=crop&amp;h=undefined&amp;w=1024&amp;q=80&amp;ar=1.3333333333333333 1x,\r\nhttps:\/\/perspective.imgix.net\/64df12241bf34900144f6e7a.jpg?ixlib=js-2.3.2&amp;auto=format%2Ccompress&amp;crop=faces%2Centropy&amp;dpr=2&amp;fit=crop&amp;h=undefined&amp;w=1024&amp;q=80&amp;ar=1.3333333333333333 2x,\r\nhttps:\/\/perspective.imgix.net\/64df12241bf34900144f6e7a.jpg?ixlib=js-2.3.2&amp;auto=format%2Ccompress&amp;crop=faces%2Centropy&amp;dpr=3&amp;fit=crop&amp;h=undefined&amp;w=1024&amp;q=80&amp;ar=1.3333333333333333 3x,\r\nhttps:\/\/perspective.imgix.net\/64df12241bf34900144f6e7a.jpg?ixlib=js-2.3.2&amp;auto=format%2Ccompress&amp;crop=faces%2Centropy&amp;dpr=4&amp;fit=crop&amp;h=undefined&amp;w=1024&amp;q=80&amp;ar=1.3333333333333333 4x,\r\nhttps:\/\/perspective.imgix.net\/64df12241bf34900144f6e7a.jpg?ixlib=js-2.3.2&amp;auto=format%2Ccompress&amp;crop=faces%2Centropy&amp;dpr=5&amp;fit=crop&amp;h=undefined&amp;w=1024&amp;q=80&amp;ar=1.3333333333333333 5x\" sizes=\"(max-width: 927px) 375px, 608px\" \/><\/picture><\/div>\r\n<\/div>\r\n<\/div>\r\n<\/div>\r\n<\/div>\r\n<\/div>\r\n<\/div>\r\n<div class=\"border-box w-full pt-8 pl-8 pr-8 pb-8\">\r\n<div class=\"mx-auto max-w-md sm:max-w-xl w-full md:max-w-3xl lg:max-w-4xl\">\r\n<div class=\"transition-wrapper\">\r\n<div class=\"wrapper break-words text-center svelte-1vcqro4 responsive\">\r\n<h4 style=\"text-align: center;\"><strong>Ihre Vorteile bei uns! <\/strong><\/h4>\r\n<\/div>\r\n<\/div>\r\n<\/div>\r\n<\/div>\r\n<div class=\"border-box w-full pt-8 pl-6 pr-6 pb-8\">\r\n<div class=\"mx-auto max-w-md sm:max-w-xl w-full md:max-w-3xl lg:max-w-4xl\">\r\n<div class=\"transition-wrapper\">\r\n<div class=\"grid grid-cols-1 gap-6 text-left md:grid-cols-2\">\r\n<div class=\"box-border flex w-full align-top items-start\">\r\n<div class=\"flex-shrink-0 flex items-center justify-center svelte-10vu51z\" style=\"text-align: center;\"><span class=\"emoji-mart-emoji\" data-emoji-set=\"native\">\u26a1<\/span><\/div>\r\n<div class=\"text flex items-center flex-grow break-words ml-6 min-w-0 svelte-10vu51z\" style=\"text-align: center;\">\r\n<div class=\"border-box w-full\">\r\n<div class=\"mx-auto max-w-md sm:max-w-xl w-full md:max-w-3xl lg:max-w-4xl\">\r\n<div class=\"transition-wrapper\">\r\n<div class=\"wrapper break-words text-left svelte-1vcqro4 inheritSize responsive\">\r\n<p>Moderne Zeiten erfordern ein modernes Arbeitsumfeld: Deshalb haben wir unsere Prozesse mit Hilfe digitaler Methoden flexibel gestaltet.\u00a0<\/p>\r\n<\/div>\r\n<\/div>\r\n<\/div>\r\n<\/div>\r\n<\/div>\r\n<\/div>\r\n<p class=\"box-border flex w-full align-top items-start\" style=\"text-align: center;\">\u00a0<\/p>\r\n<div class=\"flex-shrink-0 flex items-center justify-center svelte-10vu51z\" style=\"padding-left: 280px;\"><span class=\"emoji-mart-emoji\" data-emoji-set=\"native\">\ud83d\udcc8<\/span><\/div>\r\n<div class=\"text flex items-center flex-grow break-words ml-6 min-w-0 svelte-10vu51z\">\r\n<div class=\"border-box w-full\">\r\n<div class=\"mx-auto max-w-md sm:max-w-xl w-full md:max-w-3xl lg:max-w-4xl\">\r\n<div class=\"transition-wrapper\">\r\n<div class=\"wrapper break-words text-left svelte-1vcqro4 inheritSize responsive\">\r\n<p style=\"text-align: center;\">Karriereperspektiven, die sich lohnen: Als wachsende Kanzlei bieten wir Ihnen hervorragende Entwicklungsm\u00f6glichkeiten, die wir mit regelm\u00e4\u00dfigen Weiterbildungen unterst\u00fctzen.\u00a0<\/p>\r\n<\/div>\r\n<\/div>\r\n<\/div>\r\n<\/div>\r\n<\/div>\r\n<div class=\"box-border flex w-full align-top items-start\">\r\n<p class=\"flex-shrink-0 flex items-center justify-center svelte-10vu51z\" style=\"text-align: center;\"><span class=\"emoji-mart-emoji\" data-emoji-set=\"native\">\ud83d\ude80<\/span><\/p>\r\n<div class=\"text flex items-center flex-grow break-words ml-6 min-w-0 svelte-10vu51z\">\r\n<div class=\"border-box w-full\">\r\n<div class=\"mx-auto max-w-md sm:max-w-xl w-full md:max-w-3xl lg:max-w-4xl\">\r\n<div class=\"transition-wrapper\">\r\n<div class=\"wrapper break-words text-left svelte-1vcqro4 inheritSize responsive\">\r\n<p style=\"text-align: center;\">Unser Antrieb \u2013 ein starkes Team: Die Freude an unserer Arbeit und ein vertrauensvolles Miteinander sind treibende Kr\u00e4fte hinter unseren t\u00e4glichen Leistungen. Damit das auch weiterhin so bleibt, legen wir Wert auf Wohlf\u00fchlatmosph\u00e4re am Arbeitsplatz. Ein bewusst lockerer, respektvoller Umgang sorgt daf\u00fcr, dass wir allt\u00e4gliche Herausforderungen mit Freude an der Sache meistern \u2013 Freude, die auch unsere Mandanten sp\u00fcren!<\/p>\r\n<\/div>\r\n<\/div>\r\n<\/div>\r\n<\/div>\r\n<\/div>\r\n<\/div>\r\n<\/div>\r\n<\/div>\r\n<\/div>\r\n<\/div>\r\n<div class=\"h-full w-full bg-no-repeat\">\r\n<div class=\"mx-auto max-w-md sm:max-w-xl w-full md:max-w-3xl lg:max-w-5xl\">\r\n<div class=\"transition-wrapper\">\r\n<div class=\"p-0\">\r\n<div class=\"imageWrapper overflow-hidden leading-[0] rounded-none md:rounded-lg\">\r\n<div class=\"svelte-1qf620v loaded\">\r\n<div>\r\n<div>\u00a0<\/div>\r\n<picture><source srcset=\"https:\/\/perspective.imgix.net\/650afa2a96eeca0014127e58.png?ixlib=js-2.3.2&amp;auto=format%2Ccompress&amp;crop=focalpoint&amp;cropHeight=512&amp;cropWidth=640&amp;fit=crop&amp;fp-x=0.50&amp;fp-y=0.46&amp;fp-z=1&amp;h=undefined&amp;w=1024&amp;q=80&amp;dpr=1&amp;ar=1.2 1x,\r\nhttps:\/\/perspective.imgix.net\/650afa2a96eeca0014127e58.png?ixlib=js-2.3.2&amp;auto=format%2Ccompress&amp;crop=focalpoint&amp;cropHeight=512&amp;cropWidth=640&amp;fit=crop&amp;fp-x=0.50&amp;fp-y=0.46&amp;fp-z=1&amp;h=undefined&amp;w=1024&amp;q=80&amp;dpr=2&amp;ar=1.2 2x,\r\nhttps:\/\/perspective.imgix.net\/650afa2a96eeca0014127e58.png?ixlib=js-2.3.2&amp;auto=format%2Ccompress&amp;crop=focalpoint&amp;cropHeight=512&amp;cropWidth=640&amp;fit=crop&amp;fp-x=0.50&amp;fp-y=0.46&amp;fp-z=1&amp;h=undefined&amp;w=1024&amp;q=80&amp;dpr=3&amp;ar=1.2 3x,\r\nhttps:\/\/perspective.imgix.net\/650afa2a96eeca0014127e58.png?ixlib=js-2.3.2&amp;auto=format%2Ccompress&amp;crop=focalpoint&amp;cropHeight=512&amp;cropWidth=640&amp;fit=crop&amp;fp-x=0.50&amp;fp-y=0.46&amp;fp-z=1&amp;h=undefined&amp;w=1024&amp;q=80&amp;dpr=4&amp;ar=1.2 4x,\r\nhttps:\/\/perspective.imgix.net\/650afa2a96eeca0014127e58.png?ixlib=js-2.3.2&amp;auto=format%2Ccompress&amp;crop=focalpoint&amp;cropHeight=512&amp;cropWidth=640&amp;fit=crop&amp;fp-x=0.50&amp;fp-y=0.46&amp;fp-z=1&amp;h=undefined&amp;w=1024&amp;q=80&amp;dpr=5&amp;ar=1.2 5x\" sizes=\"(max-width: 927px) 375px, 608px\" \/> <img decoding=\"async\" loading=\"lazy\" class=\"main svelte-1qf620v aligncenter\" src=\"https:\/\/perspective.imgix.net\/650afa2a96eeca0014127e58.png?auto=compress&amp;crop=focalpoint&amp;cropHeight=512&amp;cropWidth=640&amp;fit=crop&amp;fp-x=0.50&amp;fp-y=0.46&amp;fp-z=1&amp;h=512&amp;w=640\" alt=\"\" width=\"553\" height=\"461\" \/><\/picture><\/div>\r\n<\/div>\r\n<\/div>\r\n<\/div>\r\n<\/div>\r\n<\/div>\r\n<\/div>\r\n<div class=\"border-box w-full pt-8 pl-8 pr-8 pb-8\">\r\n<div class=\"mx-auto max-w-md sm:max-w-xl w-full md:max-w-3xl lg:max-w-4xl\">\r\n<div class=\"transition-wrapper\">\r\n<div class=\"wrapper break-words text-center svelte-1vcqro4 responsive\">\r\n<h4 style=\"text-align: center;\"><strong>Ihr Neustart!<\/strong><\/h4>\r\n<\/div>\r\n<\/div>\r\n<\/div>\r\n<\/div>\r\n<div class=\"border-box w-full pt-6 pl-6 pr-6 pb-6\" style=\"text-align: center;\">\r\n<div class=\"mx-auto max-w-md sm:max-w-xl w-full md:max-w-3xl lg:max-w-4xl\">\r\n<div class=\"transition-wrapper\">\r\n<div class=\"grid grid-cols-1 gap-6 text-left false\">\r\n<div class=\"box-border flex w-full align-top items-start\">\r\n<div class=\"flex-shrink-0 flex items-center justify-center svelte-10vu51z\"><span class=\"emoji-mart-emoji\" data-emoji-set=\"native\">\ud83d\ude80<\/span><\/div>\r\n<div class=\"text flex items-center flex-grow break-words ml-6 min-w-0 svelte-10vu51z\">\r\n<div class=\"border-box w-full\">\r\n<div class=\"mx-auto max-w-md sm:max-w-xl w-full md:max-w-3xl lg:max-w-4xl\">\r\n<div class=\"transition-wrapper\">\r\n<div class=\"wrapper break-words text-left svelte-1vcqro4 inheritSize responsive\">\r\n<p>Wir wissen: Ein gutes Team ist weit mehr als die Summe seiner K\u00f6pfe. Durch das Engagement und den Einsatz unserer Mitarbeiter bieten wir unseren Mandanten eine optimale Beratung. Dabei ist ein positives Arbeitsklima der entscheidende Faktor f\u00fcr eine erfolgreiche Zusammenarbeit.\u00a0<\/p>\r\n<\/div>\r\n<\/div>\r\n<\/div>\r\n<\/div>\r\n<\/div>\r\n<\/div>\r\n<\/div>\r\n<\/div>\r\n<\/div>\r\n<\/div>\r\n<div class=\"border-box w-full pt-8 pl-8 pr-8 pb-8\">\r\n<div class=\"mx-auto max-w-md sm:max-w-xl w-full md:max-w-3xl lg:max-w-4xl\">\r\n<div class=\"transition-wrapper\">\r\n<div class=\"wrapper break-words text-center svelte-1vcqro4 responsive\">\r\n<h4 style=\"text-align: center;\">\u00a0<\/h4>\r\n<\/div>\r\n<\/div>\r\n<\/div>\r\n<\/div>\r\n<div class=\"job-description\">\r\n<p style=\"text-align: center;\"><strong>Sie k\u00f6nnen uns gerne Ihre Bewerbung zusenden: <a href=\"mailto:info@steuerprofis-frankfurt.de\">info@steuerprofis-frankfurt.de<\/a><\/strong><\/p>\r\n<p style=\"text-align: center;\"><strong>Wir freuen uns Sie kennenzulernen!<\/strong><\/p>\r\n<p>&nbsp;<\/p>\r\n<\/div>\r\n","protected":false},"excerpt":{"rendered":"<p>\u00a0 Sie suchen einen Arbeitgeber mit modernen Workflows und einer Arbeitsatmosph\u00e4re voller Wertsch\u00e4tzung? Willkommen in unserem Team! \u00a0 Ihre Vorteile bei uns! \u26a1 Moderne Zeiten erfordern ein modernes Arbeitsumfeld: Deshalb haben wir unsere Prozesse mit Hilfe digitaler Methoden flexibel gestaltet.\u00a0 \u00a0 \ud83d\udcc8 Karriereperspektiven, die sich lohnen: Als wachsende Kanzlei bieten&#8230; <a class=\"continue-reading-link\" href=\"https:\/\/www.steuerprofis-frankfurt.de\/index.php\/jobs-karriere\/\">weiter<\/a><\/p>\n","protected":false},"author":1,"featured_media":0,"parent":0,"menu_order":0,"comment_status":"closed","ping_status":"closed","template":"","meta":[],"_links":{"self":[{"href":"https:\/\/www.steuerprofis-frankfurt.de\/index.php\/wp-json\/wp\/v2\/pages\/51"}],"collection":[{"href":"https:\/\/www.steuerprofis-frankfurt.de\/index.php\/wp-json\/wp\/v2\/pages"}],"about":[{"href":"https:\/\/www.steuerprofis-frankfurt.de\/index.php\/wp-json\/wp\/v2\/types\/page"}],"author":[{"embeddable":true,"href":"https:\/\/www.steuerprofis-frankfurt.de\/index.php\/wp-json\/wp\/v2\/users\/1"}],"replies":[{"embeddable":true,"href":"https:\/\/www.steuerprofis-frankfurt.de\/index.php\/wp-json\/wp\/v2\/comments?post=51"}],"version-history":[{"count":30,"href":"https:\/\/www.steuerprofis-frankfurt.de\/index.php\/wp-json\/wp\/v2\/pages\/51\/revisions"}],"predecessor-version":[{"id":505,"href":"https:\/\/www.steuerprofis-frankfurt.de\/index.php\/wp-json\/wp\/v2\/pages\/51\/revisions\/505"}],"wp:attachment":[{"href":"https:\/\/www.steuerprofis-frankfurt.de\/index.php\/wp-json\/wp\/v2\/media?parent=51"}],"curies":[{"name":"wp","href":"https:\/\/api.w.org\/{rel}","templated":true}]}}