{"id":26,"date":"2019-11-02T09:29:02","date_gmt":"2019-11-02T08:29:02","guid":{"rendered":"http:\/\/neu.steuerprofis-frankfurt.de\/templates\/wordpress\/?page_id=26"},"modified":"2024-05-31T10:23:14","modified_gmt":"2024-05-31T08:23:14","slug":"unser-leistungsspektrum","status":"publish","type":"page","link":"https:\/\/www.steuerprofis-frankfurt.de\/index.php\/unser-leistungsspektrum\/","title":{"rendered":"Unser Leistungsspektrum"},"content":{"rendered":"\r\n<p>Mit jahrelanger Erfahrung und Expertise beraten und unterst\u00fctzen wir Sie bei folgenden Aufgaben<\/p>\r\n\r\n\r\n\r\n<ul>\r\n<li>Steuerliche und betriebswirtschaftliche Beratung<\/li>\r\n<li>Jahresabschlusserstellung f\u00fcr Unternehmen aller Rechtsformen<\/li>\r\n<li>Jahresabschlusspr\u00fcfungen f\u00fcr mittelgro\u00dfe GmbHs<\/li>\r\n<li>Steuererkl\u00e4rungen f\u00fcr alle Steuerarten<\/li>\r\n<li>digitale Finanzbuchhaltung<\/li>\r\n<li>Unternehmensbewertung, Beratung im Zusammenhang mit Unternehmensaquisitionen und -verk\u00e4ufen<\/li>\r\n<li>Vereinsrecht\/Gemeinn\u00fctzigkeitsrecht<\/li>\r\n<li>Gestaltung bei Erbfolge\/Unternehmensnachfolge<\/li>\r\n<li>Erbschaftsteuererkl\u00e4rungen und Schenkungssteuer<\/li>\r\n<li>Steuerliche Organschaften<\/li>\r\n<li>Gestaltungsberatung bei Umstrukturierungen<\/li>\r\n<li>Steuerliche Beratung \u00a0bei privatem und betrieblichem Immobilienkauf zur Eigennutzung und Vermietung<\/li>\r\n<li>Grundst\u00fccksbewertung<\/li>\r\n<li>Steuerrechtliche Beratung im Zusammenhang mit Finanzierungsentscheidungen<\/li>\r\n<li>Pr\u00fcfung nach der Makler- und Bautr\u00e4gerverordnung<\/li>\r\n<li>F\u00fchrung von finanzgerichtlichen Verfahren<\/li>\r\n<li>Begleitung von Betriebspr\u00fcfungen<\/li>\r\n<\/ul>\r\n<p>&nbsp;<\/p>\r\n<h6><strong>Digital und Klassisch<\/strong><\/h6>\r\n<p>Bei uns entscheidet der Mandant, was f\u00fcr ihn und sein Unternehmen am besten ist, individuell angepasst auf seine Bed\u00fcrfnisse. Egal ob digital und\/oder klassisch. Deshalb bieten wir beides an und nutzen die Vorteile aus beiden Welten. So arbeiten wir z.B. neben klassischen Pendelordnern oder Lohnabrechnungen in Papierform auch mit digitalen M\u00f6glichkeiten zum Beleg- und Dokumentenaustausch.<\/p>\r\n<p>Auf Wunsch k\u00f6nnen u.a. folgende M\u00f6glichkeiten genutzt werden:<\/p>\r\n<p>&nbsp;<\/p>\r\n<p><strong>DATEV Unternehmen online<\/strong><\/p>\r\n<p>DATEV Unternehmen online unterst\u00fctzt Sie sowohl bei der Vorbereitung von Buchf\u00fchrung und Lohnabrechnung in Zusammenarbeit mit uns als Ihrer Steuerkanzlei als auch bei all Ihren kaufm\u00e4nnischen Gesch\u00e4ftsprozessen.<\/p>\r\n<p>Ihre Vorteile:<\/p>\r\n<ul>\r\n<li><strong>Schnelle und einfache Prozesse<\/strong><br \/>Bezahlen Sie schnell und sicher mit vorausgef\u00fcllten Zahlungstr\u00e4gern. Zahlungen erledigen Sie einfach auf Basis der digitalen Belege und geben die Lohnzahlungen frei. Lassen Sie die Kontoausz\u00fcge automatisiert pr\u00fcfen und f\u00fchren Sie Ihr Kassenbuch GoBD-konform (automatische Pr\u00fcfungen auf Kassenminus, Chronologie etc.).<\/li>\r\n<li><strong>Zeitgewinn<\/strong><br \/>Direkt und effizient: Fahrwege in die Kanzlei entfallen, denn Originalbelege und Dokumente bleiben bei Ihnen im Unternehmen. Mit dem revisionssicheren und elektronischen Belegarchiv greifen Sie schnell und einfach &#8211; ohne langes Suchen &#8211; auf Ihre Unterlagen zu.<\/li>\r\n<li><strong>OCR-Rechnungserkennung<\/strong><br \/>Durch die automatische Vorbelegung von Belegdaten in Belege online und in den Buchungsvorschl\u00e4gen der DATEV-Rechnungswesen-Programme nimmt die OCR-Rechnungserkennung in Belege online Ihnen und uns viel Arbeit ab.<\/li>\r\n<li><strong>Sichere Prozesse<\/strong><br \/>Belege, Dokumente und Auswertungen werden \u00fcber die zertifizierte DATEV-Cloud sicher ausgetauscht &#8211; gesch\u00fctzt vor fremdem Zugriff.<\/li>\r\n<\/ul>\r\n<p>Profitieren Sie vom digitalen Datenaustausch. Wir beraten Sie gerne zur modularen Zusammenarbeit mit Unternehmen online. Sprechen Sie uns an!<\/p>\r\n<p>&nbsp;<\/p>\r\n<p><strong>Lohnabrechnung online bereitstellen<\/strong><\/p>\r\n<p>Stellen Sie mit DATEV Arbeitnehmer online \u201eMeine Abrechnungen\u201c Ihren Mitarbeitern wichtige Lohndokumente einfach, komfortabel und sicher online zur Verf\u00fcgung.<\/p>\r\n<p>Ihre Vorteile:<\/p>\r\n<ul>\r\n<li><strong>Mehr Unabh\u00e4ngigkeit:<\/strong><br \/>Sie stellen Lohn- und Gehaltsdokumente bequem, schnell und unabh\u00e4ngig vom Postweg online bereit.<\/li>\r\n<li><strong>Sicherheit ohne Kompromisse:<\/strong><br \/>F\u00fcr maximale Sicherheit sorgt die DATEV-Cloud. Zudem stellen zwei unterschiedliche Zugangsverfahren zum Portal sicher, dass nur der jeweilige Mitarbeiter auf seine Daten zugreifen kann.<\/li>\r\n<li><strong>Bessere \u00dcbersicht:<\/strong><br \/>Die Ablage der Lohn- und Gehaltsdokumente erfolgt komplett digital und \u00c4nderungen k\u00f6nnen im Zeitverlauf auf einen Blick \u00fcberpr\u00fcft werden.<\/li>\r\n<li><strong>Kosteneinsparung:<\/strong><br \/>Sparen Sie den Postversand und gleichzeitig wertvolle Zeit.<\/li>\r\n<\/ul>\r\n<p>Im Bereich Lohnabrechnung bieten wir auch die Nutzung der <strong>digitalen Personalakte<\/strong>, <strong>Personaldaten<\/strong> mit Abrufm\u00f6glichkeit von <strong>eAU<\/strong> und <strong>digitalen Lohnauswertungen.<\/strong><\/p>\r\n<p>M\u00f6chten Sie diese Anwendungen in Ihrem Unternehmen nutzen? Dann sprechen Sie uns einfach an!<\/p>\r\n<p>&nbsp;<\/p>\r\n<p><strong>DATEV Meine Steuern<\/strong><\/p>\r\n<p>Schneller zur Steuererkl\u00e4rung: Arbeiten Sie digital mit uns zusammen<\/p>\r\n<p>DATEV Meine Steuern stellt eine optimale Zusammenarbeit bei der Steuererkl\u00e4rung sicher. Alle relevanten Belege tauschen Sie digital \u00fcber die Online-Anwendung oder mobil per App mit uns aus \u2013 einfach und sicher.<\/p>\r\n<p>Ihre Vorteile:<\/p>\r\n<ul>\r\n<li><strong>Komfort:<\/strong> Ihre steuerrelevanten Dokumente erfassen Sie digital und werden dabei durch eine Liste mit empfohlenen Dokumenten unterst\u00fctzt.<\/li>\r\n<li><strong>Transparenz:<\/strong> Ihre Dokumente legen Sie anhand von Kategorien (z.B. Vermietung, Versicherung etc.) strukturiert im Mandantenportal ab und haben jederzeit Zugriff darauf.<\/li>\r\n<li><strong>Effizienz:<\/strong> Unabh\u00e4ngig von Kanzlei\u00f6ffnungszeiten und ohne zus\u00e4tzlichen Fahrweg stellen Sie uns Ihre steuerrelevanten Dokumente bereit.<\/li>\r\n<li><strong>Sicherheit:<\/strong> Der sichere Austausch erfolgt \u00fcber die DATEV-Cloud.<\/li>\r\n<\/ul>\r\n<p>Sprechen Sie uns an. Wir digitalisieren die Zusammenarbeit mit Ihnen und holen gerne f\u00fcr Sie das Optimale aus Ihrer Steuererkl\u00e4rung heraus.<\/p>\r\n","protected":false},"excerpt":{"rendered":"<p>Mit jahrelanger Erfahrung und Expertise beraten und unterst\u00fctzen wir Sie bei folgenden Aufgaben Steuerliche und betriebswirtschaftliche Beratung Jahresabschlusserstellung f\u00fcr Unternehmen aller Rechtsformen Jahresabschlusspr\u00fcfungen f\u00fcr mittelgro\u00dfe GmbHs Steuererkl\u00e4rungen f\u00fcr alle Steuerarten digitale Finanzbuchhaltung Unternehmensbewertung, Beratung im Zusammenhang mit Unternehmensaquisitionen und -verk\u00e4ufen Vereinsrecht\/Gemeinn\u00fctzigkeitsrecht Gestaltung bei Erbfolge\/Unternehmensnachfolge Erbschaftsteuererkl\u00e4rungen und Schenkungssteuer Steuerliche Organschaften Gestaltungsberatung&#8230; <a class=\"continue-reading-link\" href=\"https:\/\/www.steuerprofis-frankfurt.de\/index.php\/unser-leistungsspektrum\/\">weiter<\/a><\/p>\n","protected":false},"author":1,"featured_media":0,"parent":0,"menu_order":0,"comment_status":"closed","ping_status":"closed","template":"","meta":[],"_links":{"self":[{"href":"https:\/\/www.steuerprofis-frankfurt.de\/index.php\/wp-json\/wp\/v2\/pages\/26"}],"collection":[{"href":"https:\/\/www.steuerprofis-frankfurt.de\/index.php\/wp-json\/wp\/v2\/pages"}],"about":[{"href":"https:\/\/www.steuerprofis-frankfurt.de\/index.php\/wp-json\/wp\/v2\/types\/page"}],"author":[{"embeddable":true,"href":"https:\/\/www.steuerprofis-frankfurt.de\/index.php\/wp-json\/wp\/v2\/users\/1"}],"replies":[{"embeddable":true,"href":"https:\/\/www.steuerprofis-frankfurt.de\/index.php\/wp-json\/wp\/v2\/comments?post=26"}],"version-history":[{"count":8,"href":"https:\/\/www.steuerprofis-frankfurt.de\/index.php\/wp-json\/wp\/v2\/pages\/26\/revisions"}],"predecessor-version":[{"id":442,"href":"https:\/\/www.steuerprofis-frankfurt.de\/index.php\/wp-json\/wp\/v2\/pages\/26\/revisions\/442"}],"wp:attachment":[{"href":"https:\/\/www.steuerprofis-frankfurt.de\/index.php\/wp-json\/wp\/v2\/media?parent=26"}],"curies":[{"name":"wp","href":"https:\/\/api.w.org\/{rel}","templated":true}]}}