{"id":24,"date":"2019-11-02T09:28:28","date_gmt":"2019-11-02T08:28:28","guid":{"rendered":"http:\/\/neu.steuerprofis-frankfurt.de\/templates\/wordpress\/?page_id=24"},"modified":"2020-01-03T09:21:36","modified_gmt":"2020-01-03T08:21:36","slug":"kontakt","status":"publish","type":"page","link":"https:\/\/www.steuerprofis-frankfurt.de\/index.php\/kontakt\/","title":{"rendered":"Kontakt"},"content":{"rendered":"\r\n<p><strong>CREMER\u00a0 GERMELMANN\u00a0 GRIMM<\/strong><br \/>Vereidigter Buchpr\u00fcfer, Steuerberater<\/p>\r\n\r\n\r\n\r\n<p>Schifferstra\u00dfe 29<br \/>60594 Frankfurt am Main<br \/>Tel.: 069\/626026<br \/>Fax: 069\/6031277<br \/><a href=\"mailto:info@steuerprofis-frankfurt.de\">info@steuerprofis-frankfurt.de<\/a><\/p>\r\n\r\n\r\n\r\n<p><strong>Mit dem Pkw<\/strong><\/p>\r\n\r\n\r\n\r\n<p>Von der A3 kommend Abfahrt Frankfurt S\u00fcd, Richtung Waldstadion. Der Kennedyallee folgend nach Sachsenhausen.<\/p>\r\n\r\n\r\n\r\n<p>Von der A661 kommend Abfahrt Friedberger Landstra\u00dfe, Richtung Innenstadt.\u00a0 In die Konrad-Adenauerstra\u00dfe, \u00fcber den Main nach Sachsenhausen.<\/p>\r\n\r\n\r\n\r\n<p>Parkplatz ist vorhanden.<\/p>\r\n\r\n\r\n\r\n<p><strong>\u00d6ffentliche Verkehrsmittel<\/strong><\/p>\r\n\r\n\r\n\r\n<p>Mit der Stra\u00dfenbahn vom Hauptbahnhof aus in die Linie 16 Richtung Frankfurt S\u00fcd, Haltestelle Gartenstra\u00dfe\/Schweizerstra\u00dfe<\/p>\r\n\r\n\r\n\r\n<p>Mit der U-Bahn Vom Hauptbahnhof mit der U1, U2, U3 Richtung Frankfurt S\u00fcd, Haltestelle Schweizerplatz<\/p>\r\n\r\n\r\n\r\n<p>Mit der S-Bahn Vom Hauptbahnhof mit der S6 Richtung Frankfurt S\u00fcd, Haltestelle Frankfurt S\u00fcd<\/p>\r\n\r\n\r\n\r\n<p><a href=\"http:\/\/maps.google.de\/maps?f=q&amp;hl=de&amp;geocode=&amp;q=60594+Frankfurt,+Schifferstr.+29&amp;sll=39.613658,2.911687&amp;sspn=1.098102,1.620483&amp;ie=UTF8&amp;ll=50.111717,8.689842&amp;spn=0.006991,0.01266&amp;z=14&amp;iwloc=addr&amp;source=embed\" target=\"_blank\" rel=\"noreferrer noopener\">Hier geht es zur Google Maps Kartenansicht<\/a><\/p>\r\n","protected":false},"excerpt":{"rendered":"<p>CREMER\u00a0 GERMELMANN\u00a0 GRIMMVereidigter Buchpr\u00fcfer, Steuerberater Schifferstra\u00dfe 2960594 Frankfurt am MainTel.: 069\/626026Fax: 069\/6031277info@steuerprofis-frankfurt.de Mit dem Pkw Von der A3 kommend Abfahrt Frankfurt S\u00fcd, Richtung Waldstadion. Der Kennedyallee folgend nach Sachsenhausen. Von der A661 kommend Abfahrt Friedberger Landstra\u00dfe, Richtung Innenstadt.\u00a0 In die Konrad-Adenauerstra\u00dfe, \u00fcber den Main nach Sachsenhausen. Parkplatz ist vorhanden. \u00d6ffentliche&#8230; <a class=\"continue-reading-link\" href=\"https:\/\/www.steuerprofis-frankfurt.de\/index.php\/kontakt\/\">weiter<\/a><\/p>\n","protected":false},"author":1,"featured_media":0,"parent":0,"menu_order":0,"comment_status":"closed","ping_status":"closed","template":"","meta":[],"_links":{"self":[{"href":"https:\/\/www.steuerprofis-frankfurt.de\/index.php\/wp-json\/wp\/v2\/pages\/24"}],"collection":[{"href":"https:\/\/www.steuerprofis-frankfurt.de\/index.php\/wp-json\/wp\/v2\/pages"}],"about":[{"href":"https:\/\/www.steuerprofis-frankfurt.de\/index.php\/wp-json\/wp\/v2\/types\/page"}],"author":[{"embeddable":true,"href":"https:\/\/www.steuerprofis-frankfurt.de\/index.php\/wp-json\/wp\/v2\/users\/1"}],"replies":[{"embeddable":true,"href":"https:\/\/www.steuerprofis-frankfurt.de\/index.php\/wp-json\/wp\/v2\/comments?post=24"}],"version-history":[{"count":3,"href":"https:\/\/www.steuerprofis-frankfurt.de\/index.php\/wp-json\/wp\/v2\/pages\/24\/revisions"}],"predecessor-version":[{"id":167,"href":"https:\/\/www.steuerprofis-frankfurt.de\/index.php\/wp-json\/wp\/v2\/pages\/24\/revisions\/167"}],"wp:attachment":[{"href":"https:\/\/www.steuerprofis-frankfurt.de\/index.php\/wp-json\/wp\/v2\/media?parent=24"}],"curies":[{"name":"wp","href":"https:\/\/api.w.org\/{rel}","templated":true}]}}