{"id":22,"date":"2019-11-02T09:27:53","date_gmt":"2019-11-02T08:27:53","guid":{"rendered":"http:\/\/neu.steuerprofis-frankfurt.de\/templates\/wordpress\/?page_id=22"},"modified":"2020-01-03T09:17:54","modified_gmt":"2020-01-03T08:17:54","slug":"individuelle-und-persoenliche-beratung","status":"publish","type":"page","link":"https:\/\/www.steuerprofis-frankfurt.de\/index.php\/individuelle-und-persoenliche-beratung\/","title":{"rendered":"Individuelle und pers\u00f6nliche Beratung"},"content":{"rendered":"\r\n<p>Im Vordergrund steht bei uns die individuelle, pers\u00f6nliche Beratung auf der Grundlage einer eingehenden Analyse der wirtschaftlichen und steuerlichen Situation unserer Mandanten sowie deren Ziele.<\/p>\r\n<p><img decoding=\"async\" loading=\"lazy\" class=\"alignnone wp-image-80 size-full\" src=\"http:\/\/neu.steuerprofis-frankfurt.de\/templates\/wordpress\/wp-content\/uploads\/2019\/11\/kanzlei-2.jpg\" alt=\"\" width=\"600\" height=\"393\" srcset=\"https:\/\/www.steuerprofis-frankfurt.de\/wp-content\/uploads\/2019\/11\/kanzlei-2.jpg 600w, https:\/\/www.steuerprofis-frankfurt.de\/wp-content\/uploads\/2019\/11\/kanzlei-2-300x197.jpg 300w, https:\/\/www.steuerprofis-frankfurt.de\/wp-content\/uploads\/2019\/11\/kanzlei-2-229x150.jpg 229w, https:\/\/www.steuerprofis-frankfurt.de\/wp-content\/uploads\/2019\/11\/kanzlei-2-150x98.jpg 150w\" sizes=\"(max-width: 600px) 100vw, 600px\" \/><\/p>\r\n\r\n\r\n\r\n<p>Dabei haben wir einerseits die notwendige Gr\u00f6\u00dfe, um \u00fcber die erforderlichen Fachkenntnisse, Erfahrungen und Materialien zu verf\u00fcgen, andererseits sind wir klein genug, um Ihr pers\u00f6nlicher Ansprechpartner zu sein und \u201eIhre Sprache&#8220; zu sprechen.<\/p>\r\n\r\n\r\n\r\n<p>Wir betrachten uns ausschlie\u00dflich als Vertreter und Verfechter der Interessen unserer Mandantschaft gegen\u00fcber den Forderungen der Beh\u00f6rden und der Finanzverwaltung. Dabei ist es nicht selten unsere Aufgabe, den Mandanten vor Forderungen der Beh\u00f6rden zu sch\u00fctzen.<\/p>\r\n\r\n\r\n\r\n<p><img decoding=\"async\" loading=\"lazy\" class=\"alignleft wp-image-142 size-medium\" src=\"http:\/\/neu.steuerprofis-frankfurt.de\/templates\/wordpress\/wp-content\/uploads\/2019\/12\/kanzlei-haus-1-200x300.jpg\" alt=\"\" width=\"200\" height=\"300\" srcset=\"https:\/\/www.steuerprofis-frankfurt.de\/wp-content\/uploads\/2019\/12\/kanzlei-haus-1-200x300.jpg 200w, https:\/\/www.steuerprofis-frankfurt.de\/wp-content\/uploads\/2019\/12\/kanzlei-haus-1-100x150.jpg 100w, https:\/\/www.steuerprofis-frankfurt.de\/wp-content\/uploads\/2019\/12\/kanzlei-haus-1.jpg 300w\" sizes=\"(max-width: 200px) 100vw, 200px\" \/>Wir sorgen daf\u00fcr, dass unsere Mandanten ihre steuerlichen Pflichten wirtschaftlich optimal erf\u00fcllen k\u00f6nnen. Schwerpunkt unserer Arbeit ist neben vorausschauender Planung selbstverst\u00e4ndlich die Optimierung der steuerlichen M\u00f6glichkeiten, ohne jedoch die Grunds\u00e4tze der Wirtschaftlichkeit aus den Augen zu verlieren. Nicht immer ist die steuerlich g\u00fcnstigste M\u00f6glichkeit auch die wirtschaftlich sinnvollste.<\/p>\r\n\r\n\r\n\r\n<p>Hochqualifizierte Dienstleistung hat nat\u00fcrlich auch Ihren Preis, der jedoch h\u00e4ufig durch die erzielbaren Vorteile mehrfach kompensiert wird. Wenn Sie auf anderen Gebieten anspruchsvoll sind, sollten Sie das auf dem komplizierten und sensiblen Gebiet der steuerlichen und wirtschaftlichen Beratung ebenfalls sein.<\/p>\r\n","protected":false},"excerpt":{"rendered":"<p>Im Vordergrund steht bei uns die individuelle, pers\u00f6nliche Beratung auf der Grundlage einer eingehenden Analyse der wirtschaftlichen und steuerlichen Situation unserer Mandanten sowie deren Ziele. Dabei haben wir einerseits die notwendige Gr\u00f6\u00dfe, um \u00fcber die erforderlichen Fachkenntnisse, Erfahrungen und Materialien zu verf\u00fcgen, andererseits sind wir klein genug, um Ihr pers\u00f6nlicher&#8230; <a class=\"continue-reading-link\" href=\"https:\/\/www.steuerprofis-frankfurt.de\/index.php\/individuelle-und-persoenliche-beratung\/\">weiter<\/a><\/p>\n","protected":false},"author":1,"featured_media":0,"parent":0,"menu_order":0,"comment_status":"closed","ping_status":"closed","template":"","meta":[],"_links":{"self":[{"href":"https:\/\/www.steuerprofis-frankfurt.de\/index.php\/wp-json\/wp\/v2\/pages\/22"}],"collection":[{"href":"https:\/\/www.steuerprofis-frankfurt.de\/index.php\/wp-json\/wp\/v2\/pages"}],"about":[{"href":"https:\/\/www.steuerprofis-frankfurt.de\/index.php\/wp-json\/wp\/v2\/types\/page"}],"author":[{"embeddable":true,"href":"https:\/\/www.steuerprofis-frankfurt.de\/index.php\/wp-json\/wp\/v2\/users\/1"}],"replies":[{"embeddable":true,"href":"https:\/\/www.steuerprofis-frankfurt.de\/index.php\/wp-json\/wp\/v2\/comments?post=22"}],"version-history":[{"count":9,"href":"https:\/\/www.steuerprofis-frankfurt.de\/index.php\/wp-json\/wp\/v2\/pages\/22\/revisions"}],"predecessor-version":[{"id":165,"href":"https:\/\/www.steuerprofis-frankfurt.de\/index.php\/wp-json\/wp\/v2\/pages\/22\/revisions\/165"}],"wp:attachment":[{"href":"https:\/\/www.steuerprofis-frankfurt.de\/index.php\/wp-json\/wp\/v2\/media?parent=22"}],"curies":[{"name":"wp","href":"https:\/\/api.w.org\/{rel}","templated":true}]}}