{"id":18,"date":"2019-11-02T09:26:49","date_gmt":"2019-11-02T08:26:49","guid":{"rendered":"http:\/\/neu.steuerprofis-frankfurt.de\/templates\/wordpress\/?page_id=18"},"modified":"2020-01-03T09:37:00","modified_gmt":"2020-01-03T08:37:00","slug":"datenschutz","status":"publish","type":"page","link":"https:\/\/www.steuerprofis-frankfurt.de\/index.php\/datenschutz\/","title":{"rendered":"Datenschutz"},"content":{"rendered":"\r\n<p><strong>Datenschutzerkl\u00e4rung nach Art. 13 und 14 DSGVO<\/strong><\/p>\r\n\r\n\r\n\r\n<p>Unser Gesch\u00e4ft basiert in hohem Ma\u00dfe auf Vertrauen. F\u00fcr die Kanzlei Cremer Germelmann Grimm ist das Vertrauen unserer Mandanten in die berufsrechtliche Verschwiegenheit sowie der Schutz personenbezogener Daten ein hohes Gut.<\/p>\r\n\r\n\r\n\r\n<p>Diese Datenschutzerkl\u00e4rung soll Sie dar\u00fcber informieren, wie wir Ihre personenbezogenen Daten verarbeiten, wenn Sie unsere Webseite verwenden.<\/p>\r\n\r\n\r\n\r\n<p><strong>Name und Kontaktdaten der Verantwortlichen<\/strong><\/p>\r\n\r\n\r\n\r\n<p>vBP\/StB Werner V. Cremer, StB Dipl.-Kfm Stefan A. Germelmann und StB Nadine Grimm<\/p>\r\n\r\n\r\n\r\n<p>Kanzlei Cremer Germelmann Grimm <br \/>Schifferstrasse 29 <br \/>60594 Frankfurt\/Main<\/p>\r\n\r\n\r\n\r\n<p>E-Mail: info@steuerprofis-frankfurt.de <br \/>Telefon: 069\/62 60 26\/27 <br \/>Fax: 069\/60 31 277<\/p>\r\n\r\n\r\n\r\n<p>Die Bestimmung eines Datenschutzbeauftragten ist f\u00fcr uns als Kanzlei mit weniger als 20 Mitarbeitern, die st\u00e4ndig mit der Verarbeitung personenbezogener Daten befasst sind, entbehrlich (\u00a7 38 BDSG 2018).<\/p>\r\n\r\n\r\n\r\n<p><strong>Erheben, Verarbeiten, Nutzen und Speichern personenbezogener Daten<\/strong><\/p>\r\n\r\n\r\n\r\n<p>a)\u00a0Bei Besuch der Webseite<\/p>\r\n\r\n\r\n\r\n<p>In der Regel k\u00f6nnen Sie unsere Seiten besuchen, ohne dass wir pers\u00f6nliche Daten von Ihnen ben\u00f6tigen. Personenbezogene Daten werden nur erhoben, wenn Sie uns diese von sich aus, zum Beispiel zur Bearbeitung Ihrer Anfragen \u00fcber ein Kontaktformular, \u00fcbermitteln.<\/p>\r\n\r\n\r\n\r\n<p>Dar\u00fcber hinaus erheben und speichern wir automatisch Server Log-Files<\/p>\r\n\r\n\r\n\r\n<p>b) Bei Nutzung eines Kontaktformulars<\/p>\r\n\r\n\r\n\r\n<p>Bei Fragen jeglicher Art bieten wir Ihnen die M\u00f6glichkeit, mit uns \u00fcber ein auf der Webseite bereitgestelltes Formular Kontakt aufzunehmen. Dabei ist die Angabe einer g\u00fcltigen E-Mail-Adresse erforderlich, damit wir wissen, von wem die Anfrage stammt und um diese beantworten zu k\u00f6nnen. Weitere Angaben k\u00f6nnen freiwillig get\u00e4tigt werden.\u00a0<\/p>\r\n\r\n\r\n\r\n<p>Die Datenverarbeitung zum Zwecke der Kontaktaufnahme mit uns erfolgt nach Art. 6 Abs. 1 S. 1 lit. a DSGVO auf Grundlage Ihrer freiwillig erteilten Einwilligung. Die f\u00fcr die Benutzung des Kontaktformulars von uns erhobenen personenbezogenen Daten werden nach Erledigung der von Ihnen gestellten Anfrage automatisch gel\u00f6scht. Desweiteren werden bei Ihrem Besuch Daten von Ihrem Web-Browser an unseren Server gesendet. Details hierzu k\u00f6nnen Sie unter 4. entnehmen.<\/p>\r\n\r\n\r\n\r\n<p><strong>\u00dcbermittlung personenbezogener Daten<\/strong><\/p>\r\n\r\n\r\n\r\n<p>Eine \u00dcbermittlung der personenbezogenen Daten in L\u00e4nder au\u00dferhalb der Europ\u00e4ischen Union oder des Europ\u00e4ischen Wirtschaftsraumes findet unsererseits nicht statt.<\/p>\r\n\r\n\r\n\r\n<p>Wir geben Ihre pers\u00f6nlichen Daten nur an Dritte weiter, wenn:\u00a0<\/p>\r\n\r\n\r\n\r\n<ul>\r\n<li>Sie Ihre nach Art. 6 Abs. 1 S. 1 lit. a DSGVO ausdr\u00fcckliche Einwilligung dazu erteilt\u00a0haben,\u00a0<\/li>\r\n<\/ul>\r\n\r\n\r\n\r\n<ul>\r\n<li>die Weitergabe nach Art. 6 Abs. 1 S. 1 lit. f DSGVO zur Geltendmachung, Aus\u00fcbung oder Verteidigung von Rechtsanspr\u00fcchen erforderlich ist und kein Grund zur An-nahme besteht, dass Sie ein \u00fcberwiegendes schutzw\u00fcrdiges Interesse an der Nichtweitergabe der Daten haben,\u00a0<\/li>\r\n<\/ul>\r\n\r\n\r\n\r\n<ul>\r\n<li>f\u00fcr den Fall dass f\u00fcr die Weitergabe nach Art. 6 Abs. 1 S. 1 lit. c DSGVO eine gesetzliche Verpflichtung besteht, sowie\u00a0<\/li>\r\n<\/ul>\r\n\r\n\r\n\r\n<ul>\r\n<li>dies gesetzlich zul\u00e4ssig und nach Art. 6 Abs. 1 lit. b DSGVO f\u00fcr die Abwicklung von Vertragsverh\u00e4ltnissen<\/li>\r\n<\/ul>\r\n\r\n\r\n\r\n<p><strong>Server-Log<\/strong><\/p>\r\n\r\n\r\n\r\n<p>Informationen,\u00a0die von Ihrem\u00a0Browser an unseren Server\u00a0\u00fcbermittelt werden sind:<\/p>\r\n\r\n\r\n\r\n<ul>\r\n<li>Verwendetes Betriebssystem<\/li>\r\n<\/ul>\r\n\r\n\r\n\r\n<ul>\r\n<li>Browsertyp\/-version<\/li>\r\n<\/ul>\r\n\r\n\r\n\r\n<ul>\r\n<li>Referer URL (die Webseite, von der aus Sie uns besuchen)<\/li>\r\n<\/ul>\r\n\r\n\r\n\r\n<ul>\r\n<li>Hostname des zugreifenden Rechners = IP-Adresse<\/li>\r\n<\/ul>\r\n\r\n\r\n\r\n<ul>\r\n<li>Uhrzeit der Anfrage an den\u00a0Server<\/li>\r\n<\/ul>\r\n\r\n\r\n\r\n<p>Diese Informationen werden ausschlie\u00dflich zu statistischen Zwecken ausgewertet. Als\u00a0einzelner Nutzer bleiben Sie hierbei anonym.<\/p>\r\n\r\n\r\n\r\n<p><strong>Analysetools \/ AWStats<\/strong><\/p>\r\n\r\n\r\n\r\n<p>Zu Erstellung einer Besucherstatistik\u00a0verwenden wir das Programm AWStats. Das Programm ist eine freie Analyse-Software. Sie wird zur Auswertung von Logdateien verwendet, die Webserver auf Basis von Besucheranfragen erstellen. Das Programm setzt f\u00fcr die Auswertung keine Cookie-Dateien ein. Die statistische Analyse erfolgt \u00fcber die Logfiles, die auch IP-Adressen enthalten (vgl. Ziffer 5). Diese Daten sind in der Regel nicht bestimmten Personen zuordenbar. Eine Zusammenf\u00fchrung dieser Daten mit anderen Datenquellen wird nicht vorgenommen, die Daten werden zudem nach einer statistischen Auswertung gel\u00f6scht.<\/p>\r\n\r\n\r\n\r\n<p>Im Gegensatz zu anderen Statistikprogrammen werden bei AWStats keine Daten an fremde Server<\/p>\r\n\r\n\r\n\r\n<p><strong>Verwendung von Cookies<\/strong><\/p>\r\n\r\n\r\n\r\n<p>Beim Besuch unserer Seite werden sogenannte Cookies auf Ihrem Rechner und im jeweiligen Browser gespeichert. Durch diese ist es m\u00f6glich Ihren Browser beim n\u00e4chsten Besuch wiederzuerkennen. Cookies bleiben normalerweise auf ihrem Ger\u00e4t gespeichert bis Sie diese selber l\u00f6schen. Sie haben auch die M\u00f6glichkeit Ihren Browser so einzustellen das Sie \u00fcber das Setzen von Cookies informiert und so von Fall zu Fall dies erlauben oder verweigern. Weiterhin k\u00f6nnen Sie in Ihrem Browser ein automatisches L\u00f6schen von Cookies beim Schlie\u00dfen des Browsers aktivieren.<\/p>\r\n\r\n\r\n\r\n<p><strong>Google Maps<\/strong><\/p>\r\n\r\n\r\n\r\n<p>F\u00fcr die Anfahrt zu uns stellen wir Ihnen einen Anfahrtsplan aus aus Google Maps der Google Inc. (&#8222;Google&#8220;) zur Verf\u00fcgung. Durch diese Nutzung von Google Maps k\u00f6nnen Informationen \u00fcber Ihre besuchten Seiten einschlie\u00dflich Ihrer IP-Adresse an einen Server von Google in den USA \u00fcbertragen und dort gespeichert werden. Es kann sein das Google diese Informationen an Dritte \u00fcbertragen, sofern dies gesetzlich vorgeschrieben ist oder soweit Dritte diese Daten im Auftrag von Google verarbeiten. Weiterhin k\u00f6nnen wom\u00f6glich der unter Verwendung des Dienstes Google Maps erhobenen personenbezogenen Daten Pers\u00f6nlichkeitsprofile von Nutzern dieser Webseite erstellt und diese oder die personenbezogenen Daten der Nutzer f\u00fcr andere Zwecke verarbeiten k\u00f6nnte.<\/p>\r\n\r\n\r\n\r\n<p>Sie haben die M\u00f6glichkeit, den Service von Google Maps auf einfache Art und Weise zu deaktivieren und somit den Datentransfer an Google zu verhindern: Deaktivieren Sie dazu JavaScript in Ihrem Browser. Wir weisen Sie jedoch darauf hin, dass Sie in diesem Fall die Kartenanzeige nicht nutzen k\u00f6nnen.<\/p>\r\n\r\n\r\n\r\n<p><strong>Rechte auf Auskunft, L\u00f6schung, Datenberichtigung und Datensperrung<\/strong><\/p>\r\n\r\n\r\n\r\n<p>Sie k\u00f6nnen von Cremer und Germelmann als Verantwortliche Stelle jederzeit Auskunft \u00fcber die ggf. \u00fcber sie gespeicherten Daten , den Zweck der Speicherung und deren Herkunft verlangen. Dar\u00fcber hinaus bestehen nach Ma\u00dfgabe der gesetzlichen Bestimmungen, insbesondere der DSGVO und des BDSG, Recht auf die Berichtigung, Sperrung und L\u00f6schung ihrer personenbezogenen Daten.<\/p>\r\n\r\n\r\n\r\n<p><strong>Recht zum jederzeitigen Widerruf<\/strong><\/p>\r\n\r\n\r\n\r\n<p>Sie haben jederzeit das Recht, die Einwilligung in die Verarbeitung ihrer personenbezogenen Daten auf der Grundlage von berechtigtem Interesse gem. Art. 21 DSGVO zu widerrufen. Bis zum Widerruf bleibt die Verarbeitung auf Grundlage der Einwilligung rechtm\u00e4\u00dfig.<\/p>\r\n\r\n\r\n\r\n<p>Zum Widerruf gen\u00fcgt eine E-Mail an Info@steuerprofis-frankfurt.de<\/p>\r\n\r\n\r\n\r\n<p><strong>Beschwerderecht<\/strong><\/p>\r\n\r\n\r\n\r\n<p>Im Beschwerdefall<\/p>\r\n\r\n\r\n\r\n<p>Der Hessische Datenschutzbeauftragte<\/p>\r\n\r\n\r\n\r\n<p>Prof. Dr. Michael Ronellenfitsch <br \/>Gustav-Stresemann-Ring 1 <br \/>65189 Wiesbaden<\/p>\r\n\r\n\r\n\r\n<p><strong>Aktualit\u00e4t der Datenschutzerkl\u00e4rung<\/strong><\/p>\r\n\r\n\r\n\r\n<p>Die Datenschutzerkl\u00e4rung wird regelm\u00e4\u00dfig aktualisiert und basiert auf dem Stand November\u00a0 2019.<\/p>\r\n\r\n\r\n\r\n<p>Frankfurt, den 20.11.2019<\/p>\r\n","protected":false},"excerpt":{"rendered":"<p>Datenschutzerkl\u00e4rung nach Art. 13 und 14 DSGVO Unser Gesch\u00e4ft basiert in hohem Ma\u00dfe auf Vertrauen. F\u00fcr die Kanzlei Cremer Germelmann Grimm ist das Vertrauen unserer Mandanten in die berufsrechtliche Verschwiegenheit sowie der Schutz personenbezogener Daten ein hohes Gut. Diese Datenschutzerkl\u00e4rung soll Sie dar\u00fcber informieren, wie wir Ihre personenbezogenen Daten verarbeiten,&#8230; <a class=\"continue-reading-link\" href=\"https:\/\/www.steuerprofis-frankfurt.de\/index.php\/datenschutz\/\">weiter<\/a><\/p>\n","protected":false},"author":1,"featured_media":0,"parent":0,"menu_order":0,"comment_status":"closed","ping_status":"closed","template":"","meta":[],"_links":{"self":[{"href":"https:\/\/www.steuerprofis-frankfurt.de\/index.php\/wp-json\/wp\/v2\/pages\/18"}],"collection":[{"href":"https:\/\/www.steuerprofis-frankfurt.de\/index.php\/wp-json\/wp\/v2\/pages"}],"about":[{"href":"https:\/\/www.steuerprofis-frankfurt.de\/index.php\/wp-json\/wp\/v2\/types\/page"}],"author":[{"embeddable":true,"href":"https:\/\/www.steuerprofis-frankfurt.de\/index.php\/wp-json\/wp\/v2\/users\/1"}],"replies":[{"embeddable":true,"href":"https:\/\/www.steuerprofis-frankfurt.de\/index.php\/wp-json\/wp\/v2\/comments?post=18"}],"version-history":[{"count":12,"href":"https:\/\/www.steuerprofis-frankfurt.de\/index.php\/wp-json\/wp\/v2\/pages\/18\/revisions"}],"predecessor-version":[{"id":168,"href":"https:\/\/www.steuerprofis-frankfurt.de\/index.php\/wp-json\/wp\/v2\/pages\/18\/revisions\/168"}],"wp:attachment":[{"href":"https:\/\/www.steuerprofis-frankfurt.de\/index.php\/wp-json\/wp\/v2\/media?parent=18"}],"curies":[{"name":"wp","href":"https:\/\/api.w.org\/{rel}","templated":true}]}}