{"id":14,"date":"2019-11-02T09:22:36","date_gmt":"2019-11-02T08:22:36","guid":{"rendered":"http:\/\/neu.steuerprofis-frankfurt.de\/templates\/wordpress\/?page_id=14"},"modified":"2019-12-03T12:53:12","modified_gmt":"2019-12-03T11:53:12","slug":"branchen","status":"publish","type":"page","link":"https:\/\/www.steuerprofis-frankfurt.de\/index.php\/branchen\/","title":{"rendered":"Branchen"},"content":{"rendered":"\r\n<p>Unser T\u00e4tigkeitsbereich umfasst inbesondere folgende Bereiche<\/p>\r\n\r\n\r\n\r\n<ul>\r\n<li>Produktion und Fertigung<\/li>\r\n<li>Promotion und Werbung<\/li>\r\n<li>Geb\u00e4udereinigung<\/li>\r\n<li>Bau- und Baunebengewerbe<\/li>\r\n<li>Speditionsgewerbe<\/li>\r\n<li>Fahrzeugzuliefergewerbe, KFZ-Werkst\u00e4tten, KFZ-Sachverst\u00e4ndige<\/li>\r\n<li>Gro\u00df- und Einzelhandel<\/li>\r\n<li>Apotheken<\/li>\r\n<li>Optikerfachgesch\u00e4fte<\/li>\r\n<li>Freie Berufe, insbes. \u00c4rzte, Zahn\u00e4rzte, Tier\u00e4rzte, Rechtsanw\u00e4lte, Architekten , K\u00fcnstler, Journalisten, Ingenieure und Sachverst\u00e4ndige<\/li>\r\n<li>Unternehmensberatung<\/li>\r\n<li>Makler und Bautr\u00e4ger<\/li>\r\n<li>Berufsaus- und weiterbildung<\/li>\r\n<li>Handwerksbetriebe<\/li>\r\n<li>Versicherungsmakler<\/li>\r\n<li>Liegenschaftsverwaltung<\/li>\r\n<li>IT-Beratung<\/li>\r\n<\/ul>\r\n","protected":false},"excerpt":{"rendered":"<p>Unser T\u00e4tigkeitsbereich umfasst inbesondere folgende Bereiche Produktion und Fertigung Promotion und Werbung Geb\u00e4udereinigung Bau- und Baunebengewerbe Speditionsgewerbe Fahrzeugzuliefergewerbe, KFZ-Werkst\u00e4tten, KFZ-Sachverst\u00e4ndige Gro\u00df- und Einzelhandel Apotheken Optikerfachgesch\u00e4fte Freie Berufe, insbes. \u00c4rzte, Zahn\u00e4rzte, Tier\u00e4rzte, Rechtsanw\u00e4lte, Architekten , K\u00fcnstler, Journalisten, Ingenieure und Sachverst\u00e4ndige Unternehmensberatung Makler und Bautr\u00e4ger Berufsaus- und weiterbildung Handwerksbetriebe Versicherungsmakler Liegenschaftsverwaltung IT-Beratung <a class=\"continue-reading-link\" href=\"https:\/\/www.steuerprofis-frankfurt.de\/index.php\/branchen\/\">weiter<\/a><\/p>\n","protected":false},"author":1,"featured_media":0,"parent":0,"menu_order":0,"comment_status":"closed","ping_status":"closed","template":"","meta":[],"_links":{"self":[{"href":"https:\/\/www.steuerprofis-frankfurt.de\/index.php\/wp-json\/wp\/v2\/pages\/14"}],"collection":[{"href":"https:\/\/www.steuerprofis-frankfurt.de\/index.php\/wp-json\/wp\/v2\/pages"}],"about":[{"href":"https:\/\/www.steuerprofis-frankfurt.de\/index.php\/wp-json\/wp\/v2\/types\/page"}],"author":[{"embeddable":true,"href":"https:\/\/www.steuerprofis-frankfurt.de\/index.php\/wp-json\/wp\/v2\/users\/1"}],"replies":[{"embeddable":true,"href":"https:\/\/www.steuerprofis-frankfurt.de\/index.php\/wp-json\/wp\/v2\/comments?post=14"}],"version-history":[{"count":5,"href":"https:\/\/www.steuerprofis-frankfurt.de\/index.php\/wp-json\/wp\/v2\/pages\/14\/revisions"}],"predecessor-version":[{"id":112,"href":"https:\/\/www.steuerprofis-frankfurt.de\/index.php\/wp-json\/wp\/v2\/pages\/14\/revisions\/112"}],"wp:attachment":[{"href":"https:\/\/www.steuerprofis-frankfurt.de\/index.php\/wp-json\/wp\/v2\/media?parent=14"}],"curies":[{"name":"wp","href":"https:\/\/api.w.org\/{rel}","templated":true}]}}