{"id":12,"date":"2019-11-02T09:13:58","date_gmt":"2019-11-02T08:13:58","guid":{"rendered":"http:\/\/neu.steuerprofis-frankfurt.de\/templates\/wordpress\/?page_id=12"},"modified":"2026-03-26T08:33:04","modified_gmt":"2026-03-26T07:33:04","slug":"mandanten-info","status":"publish","type":"page","link":"https:\/\/www.steuerprofis-frankfurt.de\/index.php\/mandanten-info\/","title":{"rendered":"Mandanten-Info"},"content":{"rendered":"<p><strong><a href=\"https:\/\/www.steuerprofis-frankfurt.de\/wp-content\/uploads\/2026\/03\/IB_0426.pdf\" target=\"_blank\" rel=\"noopener noreferrer\">Mandanten-Informationsbrief April 2026<\/a><\/strong><\/p>\n<ul>\n<li>Arbeitszimmer eines Ehegatten im gemeinsamen Einfamilienhaus<\/li>\n<li>Sonderausgabenabzug f\u00fcr Kinderbetreuungskosten nur bei Haushaltszugeh\u00f6rigkeit<\/li>\n<li>Private PKW-Nutzung: Vom Arbeitnehmer getragene Stellplatzkosten<\/li>\n<li>Kein Kindergeld f\u00fcr vollj\u00e4hriges Enkelkind in gesonderter Wohnung im selben Mehrfamilienhaus<\/li>\n<li>Unterhaltsaufwendungen als au\u00dfergew\u00f6hnliche Belastung<\/li>\n<li>Nutzungsrecht als Bemessungsgrundlage f\u00fcr die Grunderwerbsteuer<\/li>\n<li>Verbilligte \u00dcberlassung einer Wohnung<\/li>\n<\/ul>\n<p>&nbsp;<\/p>\n<p><strong><a href=\"https:\/\/www.steuerprofis-frankfurt.de\/wp-content\/uploads\/2026\/02\/IB_0326.pdf\" target=\"_blank\" rel=\"noopener noreferrer\">Mandanten-Informationsbrief M\u00e4rz 2026<\/a><\/strong><\/p>\n<ul>\n<li>Beitr\u00e4ge zu einer freiwilligen privaten Pflegezusatzversicherung als Sonderausgaben abzugsf\u00e4hig?<\/li>\n<li>Aktuelle Grunderwerbsteuers\u00e4tze<\/li>\n<li>Erlass von Grundsteuer wegen Ertragsminderung<\/li>\n<li>Doppelte Haushaltsf\u00fchrung: Aufwendungen f\u00fcr einen Kfz-Stellplatz<\/li>\n<li>Vernichtung von Gesch\u00e4fts- und Buchhaltungsunterlagen<\/li>\n<\/ul>\n<p>&nbsp;<\/p>\n<p><strong><a href=\"https:\/\/www.steuerprofis-frankfurt.de\/wp-content\/uploads\/2026\/02\/IB_0226.pdf\" target=\"_blank\" rel=\"noopener noreferrer\">Mandanten-Informationsbrief Februar 2026<\/a><\/strong><\/p>\n<ul>\n<li>Grundsteuer nach dem Bundesmodell verfassungsgem\u00e4\u00df<\/li>\n<li>Frist f\u00fcr die Jahresmeldungen in der Sozialversicherung: 15. Februar<\/li>\n<li>Dauerfristverl\u00e4ngerung f\u00fcr Umsatzsteuer-Vorauszahlungen 2026<\/li>\n<li>Entgeltlicher Verzicht bei unentgeltlichem Nie\u00dfbrauch an einem vermieteten Grundst\u00fcck<\/li>\n<li>Steuerberatungskosten keine Ver\u00e4u\u00dferungskosten beim Verkauf einer wesentlichen Beteiligung<\/li>\n<li>Tariferm\u00e4\u00dfigung bei Abgeltungszahlungen f\u00fcr Urlaubsanspruch<\/li>\n<li>Einlage des Familienheims in eine Ehegatten-GbR als steuerfreie Schenkung<\/li>\n<li>Steuer\u00e4nderungsgesetz 2025 usw.<\/li>\n<\/ul>\n<p>&nbsp;<\/p>\n<p><strong><a href=\"https:\/\/www.steuerprofis-frankfurt.de\/wp-content\/uploads\/2025\/12\/IB_0126.pdf\" target=\"_blank\" rel=\"noopener noreferrer\">Mandanten-Informationsbrief Januar 2026<\/a><\/strong><\/p>\n<ul>\n<li>Sachbezugswerte 2026 f\u00fcr Lohnsteuer und Sozialversicherung<\/li>\n<li>Pauschalabfindungen f\u00fcr Verzicht auf nacheheliche Anspr\u00fcche<\/li>\n<li>Gesellschafter-Gesch\u00e4ftsf\u00fchrer: Keine ausdr\u00fccklich gestattete PKW-Privatnutzung<\/li>\n<li>Steuerliche Ber\u00fccksichtigung von durch Dritte bezahlten Aufwendungen<\/li>\n<li>Neue Werte in der Sozialversicherung f\u00fcr 2026<\/li>\n<\/ul>\n<p>&nbsp;<\/p>\n<p><strong><a href=\"https:\/\/www.steuerprofis-frankfurt.de\/wp-content\/uploads\/2025\/11\/IB_1225.pdf\" target=\"_blank\" rel=\"noopener noreferrer\">Mandanten-Informationsbrief Dezember 2025<\/a><\/strong><\/p>\n<ul>\n<li>Inventur am Ende des Wirtschaftsjahrs<\/li>\n<li>Ab 2026: Steuerliche F\u00f6rderung von Arbeitnehmerinnen und Arbeitnehmern im Rentenalter<\/li>\n<li>Sachzuwendungen an Arbeitnehmer (z. B. anl\u00e4sslich von Betriebs- oder Weihnachtsfeiern)<\/li>\n<li>Anerkennung eines Mietverh\u00e4ltnisses zwischen Ehegatten<\/li>\n<li>Vorlage von E-Mails im Rahmen von Betriebspr\u00fcfungen<\/li>\n<li>Orts\u00fcbliche Vermietungszeit bei einer Ferienwohnung<\/li>\n<li>Regelm\u00e4\u00dfig wiederkehrende Einnahmen und Ausgaben zum Jahreswechsel bei Einnahmen\u00fcberschussrechnung und \u00dcberschusseink\u00fcnften<\/li>\n<\/ul>\n<p>&nbsp;<\/p>\n<p><strong><a href=\"https:\/\/www.steuerprofis-frankfurt.de\/wp-content\/uploads\/2025\/10\/IB_1125.pdf\" target=\"_blank\" rel=\"noopener noreferrer\">Mandanten-Informationsbrief November 2025<\/a><\/strong><\/p>\n<ul>\n<li>Sonderausgaben 2025<\/li>\n<li>Ausweis von gewillk\u00fcrtem Betriebsverm\u00f6gen<\/li>\n<li>Verm\u00f6gensverlust durch Trickbetrug keine au\u00dfer- gew\u00f6hnliche Belastung<\/li>\n<li>Geringwertige Wirtschaftsg\u00fcter noch bis Jahresende 2025 anschaffen<\/li>\n<li>Kindergeld trotz parallel ausge\u00fcbter Erwerbst\u00e4tigkeit<\/li>\n<li>Lohnsteuer-Erm\u00e4\u00dfigung<\/li>\n<li>Verrechnung von Verlusten aus Aktienverk\u00e4ufen<\/li>\n<li>Steuer\u00e4nderungsgesetz 2025<\/li>\n<\/ul>\n<p>&nbsp;<\/p>\n<p><strong><a href=\"https:\/\/www.steuerprofis-frankfurt.de\/wp-content\/uploads\/2025\/09\/IB_1025.pdf\" target=\"_blank\" rel=\"noopener noreferrer\">Mandanten-Informationsbrief Oktober 2025<\/a><\/strong><\/p>\n<ul>\n<li>Verfassungsm\u00e4\u00dfigkeit des SolZG 1995 \u2013 Zur\u00fcckweisung von Einspr\u00fcchen<\/li>\n<li>Dienstwagen und berufliche Nutzung eines Privatwagens<\/li>\n<li>Fahrtkosten bei erster T\u00e4tigkeitsst\u00e4tte<\/li>\n<li>Erbschaftsteuerbefreiung f\u00fcr ein Familienheim bei eingetragenem Wohnrecht<\/li>\n<li>R\u00fcckwirkender Wegfall der Steuer \u2013 Irrtum \u00fcber Steuerfolgen bei Ehevertrag<\/li>\n<li>\u00c4nderung der Einkommensteuer-Durchf\u00fchrungsverordnung<\/li>\n<li>Dienstleistungs- und Handwerkerrechnungen bis Jahresende bezahlen<\/li>\n<\/ul>\n<p>&nbsp;<\/p>\n<p><strong><a href=\"https:\/\/www.steuerprofis-frankfurt.de\/wp-content\/uploads\/2025\/08\/IB_0925.pdf\" target=\"_blank\" rel=\"noopener noreferrer\">Mandanten-Informationsbrief September 2025<\/a><\/strong><\/p>\n<ul>\n<li>Steuerliches Investitionssofortprogramm in Kraft<\/li>\n<li>Sonderausgabenabzug von Kinderbetreuungskosten \u2013 Beg\u00fcnstigte Aufwendungen<\/li>\n<li>Privates Ver\u00e4u\u00dferungsgesch\u00e4ft im Zusammenhang mit einem Wohnmobil steuerpflichtig?<\/li>\n<li>Erstattung von Vorsteuerbetr\u00e4gen aus EU-Mitgliedstaaten<\/li>\n<li>Erlass von S\u00e4umniszuschl\u00e4gen f\u00fcr \u201ep\u00fcnktliche\u201c Steuerzahler<\/li>\n<li>Aufwendungen f\u00fcr die eigene Beerdigung<\/li>\n<li>Fahrten zu vermieteten Wohnungen als Werbungskosten<\/li>\n<li>K\u00fcnstlersozialabgabe sinkt im Jahr 2026 auf 4,9%<\/li>\n<li>Doppelte Haushaltsf\u00fchrung bei einem Ein-Personen-Haushalt<\/li>\n<\/ul>\n<p>&nbsp;<\/p>\n<p><strong><a href=\"https:\/\/www.steuerprofis-frankfurt.de\/wp-content\/uploads\/2025\/08\/IB_0825.pdf\" target=\"_blank\" rel=\"noopener noreferrer\">Mandanten-Informationsbrief August 2025<\/a><\/strong><\/p>\n<ul>\n<li>Werbungskostenabzugsverbot bei Kapitaleink\u00fcnften verfassungsgem\u00e4\u00df<\/li>\n<li>Verfassungsm\u00e4\u00dfigkeit von S\u00e4umniszuschl\u00e4gen nach dem 31.12.2018<\/li>\n<li>Ver\u00e4u\u00dferungsgewinn bei teilentgeltlicher \u00dcbertragung einer Immobilie<\/li>\n<li>Kein Vorl\u00e4ufigkeitsvermerk bei Festsetzung des Solidarit\u00e4tszuschlags<\/li>\n<li>Erbschaftsteuerbefreiung f\u00fcr \u201eFamilienheim\u201c<\/li>\n<li>Gewinnerzielungsabsicht: Vorl\u00e4ufigkeit der Verlustber\u00fccksichtigung<\/li>\n<li>\u00dcbernahme von F\u00e4hr-, Maut- oder Vignettenkosten bei PKW-\u00dcberlassung<\/li>\n<li>Steuerliches Investitionssofortprogramm<\/li>\n<\/ul>\n<p>&nbsp;<\/p>\n<p><strong><a href=\"https:\/\/www.steuerprofis-frankfurt.de\/wp-content\/uploads\/2025\/06\/IB_0725.pdf\" target=\"_blank\" rel=\"noopener noreferrer\">Mandanten-Informationsbrief Juli 2025<\/a><\/strong><\/p>\n<ul>\n<li>Freiberufliche Eink\u00fcnfte einer Personengesellschaft bei kaufm\u00e4nnischer F\u00fchrung durch einen Berufstr\u00e4ger<\/li>\n<li>\u00dcberweisung als Voraussetzung f\u00fcr den Abzug von Pflege- und Betreuungsleistungen sowie von Unterhaltszahlungen<\/li>\n<li>Privatnutzung eines betrieblichen Pickups<\/li>\n<li>Zufluss nicht ausgezahlter Tantiemen f\u00fcr Gesellschafter-Gesch\u00e4ftsf\u00fchrer<\/li>\n<li>Schuldzinsenabzug nach unentgeltlicher \u00dcbertragung eines Miteigentumsanteils?<\/li>\n<li>Kryptow\u00e4hrungen: Neue Regelungen zu Aufzeichnungspflichten<\/li>\n<li>Ermittlung der orts\u00fcblichen Miete bei Vermietungseink\u00fcnften<\/li>\n<\/ul>\n<p>&nbsp;<\/p>\n<p><strong><a href=\"https:\/\/www.steuerprofis-frankfurt.de\/wp-content\/uploads\/2025\/05\/IB_0625.pdf\" target=\"_blank\" rel=\"noopener noreferrer\">Mandanten-Informationsbrief Juni 2025<\/a><\/strong><\/p>\n<ul>\n<li>Verfassungsm\u00e4\u00dfigkeit von S\u00e4umniszuschl\u00e4gen<\/li>\n<li>Keine vorl\u00e4ufige Steuerfestsetzung f\u00fcr die Besteuerung von Altersrenten mehr<\/li>\n<li>Umzug wegen Einrichtung eines Arbeitszimmers \u2013 Kein Werbungskostenabzug<\/li>\n<li>Private Kapitalertr\u00e4ge in der Einkommensteuer- Erkl\u00e4rung<\/li>\n<li>Erstattung von ausl\u00e4ndischen Vorsteuerbetr\u00e4gen aus sog. Drittstaaten (Nicht-EU-Staaten)<\/li>\n<li>Steuerpl\u00e4ne der neuen Regierungskoalition<\/li>\n<\/ul>\n<p>&nbsp;<\/p>\n<p><strong><a href=\"https:\/\/www.steuerprofis-frankfurt.de\/wp-content\/uploads\/2025\/04\/IB_0525.pdf\" target=\"_blank\" rel=\"noopener noreferrer\">Mandanten-Informationsbrief Mai 2025<\/a><\/strong><\/p>\n<ul>\n<li>Solidarit\u00e4tszuschlag nicht verfassungswidrig<\/li>\n<li>Vorf\u00e4lligkeitsentsch\u00e4digung als Werbungskosten bei Weitervermietung<\/li>\n<li>Grunderwerbsteuer: Nachtr\u00e4gliche Sonderw\u00fcnsche beim Erwerb noch zu errichtender Geb\u00e4ude<\/li>\n<li>Steuererm\u00e4\u00dfigung f\u00fcr haushaltsnahe Dienstleistungen und Handwerkerleistungen<\/li>\n<li>Verrechnungsbeschr\u00e4nkung f\u00fcr Verluste aus Steuerstundungsmodellen nicht verfassungswidrig<\/li>\n<li>Keine Sonderabschreibung nach Abriss und Neubau<\/li>\n<li>Meldepflicht f\u00fcr elektronische Registrierkassen<\/li>\n<\/ul>\n<p>&nbsp;<\/p>\n<p><strong><a href=\"https:\/\/www.steuerprofis-frankfurt.de\/wp-content\/uploads\/2025\/04\/IB_0425.pdf\" target=\"_blank\" rel=\"noopener noreferrer\">Mandanten-Informationsbrief April 2025<\/a><\/strong><\/p>\n<ul>\n<li>Zeitpunkt des Werbungskostenabzugs bei Zahlung in die Erhaltungsr\u00fccklage<\/li>\n<li>Freibetrag f\u00fcr Bonuszahlungen von Krankenkassen<\/li>\n<li>Keine Besteuerung einer Abfindung an weichenden Wohnungsmieter<\/li>\n<li>Ver\u00e4u\u00dferung von Nachlassverm\u00f6gen nach Erwerb von Anteilen an einer Erbengemeinschaft<\/li>\n<li>Fitnessstudiobeitr\u00e4ge bei Funktionstraining nicht als au\u00dfergew\u00f6hnliche Belastungen zu ber\u00fccksichtigen<\/li>\n<li>Umsatzsteuer bei Ertr\u00e4gen aus strafbaren Handlungen<\/li>\n<li>Verdienstausfallentsch\u00e4digung einer Versicherung \u2013 Sp\u00e4tere Erstattung der Steuerlast<\/li>\n<li>Schenkungsteuer bei niedrig verzinsten Darlehen<\/li>\n<li>Besonderes Verlustausgleichsverbot bei Termingesch\u00e4ften abgeschafft<\/li>\n<\/ul>\n<p>&nbsp;<\/p>\n<p><strong><a href=\"https:\/\/www.steuerprofis-frankfurt.de\/wp-content\/uploads\/2025\/02\/IB_0325-2.pdf\" target=\"_blank\" rel=\"noopener noreferrer\">Mandanten-Informationsbrief M\u00e4rz 2025<\/a><\/strong><\/p>\n<ul>\n<li>Aufteilung eines Kaufpreises auf Geb\u00e4ude und Grund und Boden<\/li>\n<li>Verteilung einer Leasing-Sonderzahlung bei Reisekosten<\/li>\n<li>Erlass von Grundsteuer wegen Ertragsminderung<\/li>\n<li>Aktuelle Grunderwerbsteuers\u00e4tze<\/li>\n<li>Erbschaftsteuer: Freibetrag bei Verzicht des Vaters auf gesetzliches Erbrecht<\/li>\n<li>Vernichtung von Gesch\u00e4fts- und Buchhaltungsunterlagen<\/li>\n<\/ul>\n<p>&nbsp;<\/p>\n<p><a href=\"https:\/\/www.steuerprofis-frankfurt.de\/wp-content\/uploads\/2025\/01\/IB_0225-1.pdf\" target=\"_blank\" rel=\"noopener noreferrer\"><strong>Mandanten-Informationsbrief Februar 2025<\/strong><\/a><\/p>\n<ul>\n<li>Teilentgeltliche \u00dcbertragung einer Immobilie als steuerpflichtiges Ver\u00e4u\u00dferungsgesch\u00e4ft im Sinne von \u00a7 23 EStG?<\/li>\n<li>Frist f\u00fcr Jahresmeldungen in der Sozialversicherung: 15. Februar<\/li>\n<li>Abschluss einer energetischen Ma\u00dfnahme bei Ratenzahlung<\/li>\n<li>Nachweis von Krankheitskosten als au\u00dfergew\u00f6hnliche Belastung<\/li>\n<li>Lohnsteuerbescheinigungen 2024<\/li>\n<li>Dauerfristverl\u00e4ngerung f\u00fcr Umsatzsteuer-Vorauszahlungen 2025<\/li>\n<li>Verbilligte \u00dcberlassung einer Wohnung<\/li>\n<li>Einkommensteuersenkung f\u00fcr 2024 bis 2026<\/li>\n<\/ul>\n<p>&nbsp;<\/p>\n<p><a href=\"https:\/\/www.steuerprofis-frankfurt.de\/wp-content\/uploads\/2024\/12\/IB_0125.pdf\" target=\"_blank\" rel=\"noopener noreferrer\"><strong>Mandanten-Informationsbrief Januar 2025<\/strong><\/a><\/p>\n<ul>\n<li>Sachbezugswerte 2025 f\u00fcr Lohnsteuer und Sozialversicherung<\/li>\n<li>Option zur Besteuerung nach dem Teileink\u00fcnfteverfahren bei Beteiligung an einer GmbH<\/li>\n<li>Gesetzes\u00e4nderungen ab 01.01.2025<\/li>\n<li>Rechnungen von Kleinunternehmern ab 01.01.2025<\/li>\n<li>Neue Werte in der Sozialversicherung f\u00fcr 2025<\/li>\n<\/ul>\n","protected":false},"excerpt":{"rendered":"<p>Mandanten-Informationsbrief April 2026 Arbeitszimmer eines Ehegatten im gemeinsamen Einfamilienhaus Sonderausgabenabzug f\u00fcr Kinderbetreuungskosten nur bei Haushaltszugeh\u00f6rigkeit Private PKW-Nutzung: Vom Arbeitnehmer getragene Stellplatzkosten Kein Kindergeld f\u00fcr vollj\u00e4hriges Enkelkind in gesonderter Wohnung im selben Mehrfamilienhaus Unterhaltsaufwendungen als au\u00dfergew\u00f6hnliche Belastung Nutzungsrecht als Bemessungsgrundlage f\u00fcr die Grunderwerbsteuer Verbilligte \u00dcberlassung einer Wohnung &nbsp; Mandanten-Informationsbrief M\u00e4rz 2026&#8230; <a class=\"continue-reading-link\" href=\"https:\/\/www.steuerprofis-frankfurt.de\/index.php\/mandanten-info\/\">weiter<\/a><\/p>\n","protected":false},"author":1,"featured_media":0,"parent":0,"menu_order":0,"comment_status":"closed","ping_status":"closed","template":"","meta":[],"_links":{"self":[{"href":"https:\/\/www.steuerprofis-frankfurt.de\/index.php\/wp-json\/wp\/v2\/pages\/12"}],"collection":[{"href":"https:\/\/www.steuerprofis-frankfurt.de\/index.php\/wp-json\/wp\/v2\/pages"}],"about":[{"href":"https:\/\/www.steuerprofis-frankfurt.de\/index.php\/wp-json\/wp\/v2\/types\/page"}],"author":[{"embeddable":true,"href":"https:\/\/www.steuerprofis-frankfurt.de\/index.php\/wp-json\/wp\/v2\/users\/1"}],"replies":[{"embeddable":true,"href":"https:\/\/www.steuerprofis-frankfurt.de\/index.php\/wp-json\/wp\/v2\/comments?post=12"}],"version-history":[{"count":124,"href":"https:\/\/www.steuerprofis-frankfurt.de\/index.php\/wp-json\/wp\/v2\/pages\/12\/revisions"}],"predecessor-version":[{"id":534,"href":"https:\/\/www.steuerprofis-frankfurt.de\/index.php\/wp-json\/wp\/v2\/pages\/12\/revisions\/534"}],"wp:attachment":[{"href":"https:\/\/www.steuerprofis-frankfurt.de\/index.php\/wp-json\/wp\/v2\/media?parent=12"}],"curies":[{"name":"wp","href":"https:\/\/api.w.org\/{rel}","templated":true}]}}